{"id":11,"date":"2021-11-24T12:32:27","date_gmt":"2021-11-24T12:32:27","guid":{"rendered":"https:\/\/wasatours.fi\/?page_id=11"},"modified":"2023-04-20T09:40:33","modified_gmt":"2023-04-20T09:40:33","slug":"about","status":"publish","type":"page","link":"https:\/\/wasatours.fi\/index.php\/about\/","title":{"rendered":"About"},"content":{"rendered":"\n<p><strong>Wasa Tours<\/strong>\u00a0(Vaasa Business Travel Oy Ab) on suomalainen matkatoimisto, perustettu 1986. Oravaisten Liikenne Oy omistaa Wasa Toursin joulukuusta 2019 l\u00e4htien.\u00a0<br>Liikematkat ovat erikoisalaamme. Wasa Toursilla Teit\u00e4 palvelevat yli 20 vuoden ammattitaidolla matka-asiantuntijat Rosi Tapio ja Kristian Sandberg.  <\/p>\n\n\n\n<p><strong>Wasa Tours<\/strong>\u00a0\u00e4r en finl\u00e4ndsk resebyr\u00e5, grundad \u00e5r 1986. Oravais Trafik Ab \u00e4ger Wasa Tours sedan december 2019.<br>Vi \u00e4r specialister p\u00e5 aff\u00e4rsresor. P\u00e5 Wasa Tours betj\u00e4nar Er Rosi Tapio och Kristian Sandberg med \u00f6ver 20 \u00e5rs arbetserfarenhet.<\/p>\n\n\n\n<p><strong>Wasa Tours<\/strong> is a Finnish Travel Agency founded in 1986. Oravais Trafik Ab owns Wasa Tours since December 2019.<br>Specialist on business trips. At Wasa Tours works Rosi Tapio and Kristian Sandberg with over 20 years of job experience at a travel industry.<\/p>\n\n\n\n<figure class=\"wp-block-image size-large\"><img loading=\"lazy\" decoding=\"async\" width=\"2560\" height=\"1439\" src=\"https:\/\/wasatours.fi\/wp-content\/uploads\/2021\/11\/Finnair-A350-Marimekko-Livery-Kivet-2-edited-scaled.jpg\" alt=\"\" class=\"wp-image-57\" srcset=\"https:\/\/wasatours.fi\/wp-content\/uploads\/2021\/11\/Finnair-A350-Marimekko-Livery-Kivet-2-edited-scaled.jpg 2560w, https:\/\/wasatours.fi\/wp-content\/uploads\/2021\/11\/Finnair-A350-Marimekko-Livery-Kivet-2-edited-300x169.jpg 300w, https:\/\/wasatours.fi\/wp-content\/uploads\/2021\/11\/Finnair-A350-Marimekko-Livery-Kivet-2-edited-1024x576.jpg 1024w, https:\/\/wasatours.fi\/wp-content\/uploads\/2021\/11\/Finnair-A350-Marimekko-Livery-Kivet-2-edited-768x432.jpg 768w, https:\/\/wasatours.fi\/wp-content\/uploads\/2021\/11\/Finnair-A350-Marimekko-Livery-Kivet-2-edited-1536x863.jpg 1536w, https:\/\/wasatours.fi\/wp-content\/uploads\/2021\/11\/Finnair-A350-Marimekko-Livery-Kivet-2-edited-2048x1151.jpg 2048w, https:\/\/wasatours.fi\/wp-content\/uploads\/2021\/11\/Finnair-A350-Marimekko-Livery-Kivet-2-edited-1568x881.jpg 1568w\" sizes=\"auto, (max-width: 2560px) 100vw, 2560px\" \/><\/figure>\n","protected":false},"excerpt":{"rendered":"<p>Wasa Tours\u00a0(Vaasa Business Travel Oy Ab) on suomalainen matkatoimisto, perustettu 1986. Oravaisten Liikenne Oy omistaa Wasa Toursin joulukuusta 2019 l\u00e4htien.\u00a0Liikematkat ovat erikoisalaamme. Wasa Toursilla Teit\u00e4 palvelevat yli 20 vuoden ammattitaidolla matka-asiantuntijat Rosi Tapio ja Kristian Sandberg. Wasa Tours\u00a0\u00e4r en finl\u00e4ndsk resebyr\u00e5, grundad \u00e5r 1986. Oravais Trafik Ab \u00e4ger Wasa Tours sedan december 2019.Vi \u00e4r specialister&hellip; <a class=\"more-link\" href=\"https:\/\/wasatours.fi\/index.php\/about\/\">Continue reading <span class=\"screen-reader-text\">About<\/span><\/a><\/p>\n","protected":false},"author":1,"featured_media":0,"parent":0,"menu_order":0,"comment_status":"closed","ping_status":"closed","template":"","meta":{"footnotes":""},"class_list":["post-11","page","type-page","status-publish","hentry","entry"],"_links":{"self":[{"href":"https:\/\/wasatours.fi\/index.php\/wp-json\/wp\/v2\/pages\/11","targetHints":{"allow":["GET"]}}],"collection":[{"href":"https:\/\/wasatours.fi\/index.php\/wp-json\/wp\/v2\/pages"}],"about":[{"href":"https:\/\/wasatours.fi\/index.php\/wp-json\/wp\/v2\/types\/page"}],"author":[{"embeddable":true,"href":"https:\/\/wasatours.fi\/index.php\/wp-json\/wp\/v2\/users\/1"}],"replies":[{"embeddable":true,"href":"https:\/\/wasatours.fi\/index.php\/wp-json\/wp\/v2\/comments?post=11"}],"version-history":[{"count":8,"href":"https:\/\/wasatours.fi\/index.php\/wp-json\/wp\/v2\/pages\/11\/revisions"}],"predecessor-version":[{"id":95,"href":"https:\/\/wasatours.fi\/index.php\/wp-json\/wp\/v2\/pages\/11\/revisions\/95"}],"wp:attachment":[{"href":"https:\/\/wasatours.fi\/index.php\/wp-json\/wp\/v2\/media?parent=11"}],"curies":[{"name":"wp","href":"https:\/\/api.w.org\/{rel}","templated":true}]}}